{"id":193,"date":"2022-05-01T23:34:30","date_gmt":"2022-05-01T23:34:30","guid":{"rendered":"https:\/\/myflowerstands.com\/?post_type=product&#038;p=193"},"modified":"2026-01-12T21:22:13","modified_gmt":"2026-01-12T21:22:13","slug":"flower-tower-14","status":"publish","type":"product","link":"https:\/\/myflowerstands.com\/ro\/product\/modelul-color-turn-14\/","title":{"rendered":"Modelul &#8222;Color Turn 14&#8243;"},"content":{"rendered":"<p>Inspira\u021bi de florari pasiona\u021bi, am creat suporturile noastre moderne de flori pentru fiecare cas\u0103 cu mare aten\u021bie la detalii \u0219i viziune &#8211; solu\u021bia perfect\u0103 pentru col\u021bul dvs. de flori! Suporturile de flori, care sunt modele practice, solide \u0219i stabile, economisesc spa\u021biu, aduc ordine \u0219i prospe\u021bime \u00een interior. Produse de calitate la un pre\u021b rezonabil. ! Asta ne deosebe\u0219te!<\/p>\n<p>Metoda de <a href=\"https:\/\/vopsitorie-electrostatica.com.ro\/tehnologie\/\">vopsire cu pulbere<\/a> realizeaz\u0103 suprafe\u021be frumoase, calitate \u0219i acoperire uniform\u0103 a profilelor \u0219i o protec\u021bie stabil\u0103 \u00eempotriva coroziunii. Vopsirea cu pulbere este realizat\u0103 \u00een conformitate cu cerin\u021bele standardelor moderne de mediu. Rafturile din PAL ale suporturile noastre sunt perfect combinate cu profilele metalice. Suporturi de flori moderne pentru fiecare cas\u0103 \u0219i birou! Cadoul dorit pentru Dvs. sau pentru cei dragi!<\/p>\n<p>Modelul este realizat din tub de profil metalic 2\/2 cm, acoperit cu pulbere \u00een culoarea \u201ealb perlat\u201d sau culoare \u201eneagr\u0103\u201c, rafturi din PAL cu dimensiunea 20\/20 cm. \u00cen\u0103l\u021bime 157 cm, l\u0103\u021bime 42 cm, ad\u00e2ncime 42 cm. \u00cen\u0103l\u021bimea dintre rafturile individuale 48 cm. Cu 12 rafturi iar ghivecele pot fi asezate in baza. Mobil, cu roti. Greutatea maxima suportata pe raft &#8211; 5 kg. Echipament: elemente de fixare, schem\u0103 de asamblare.<\/p>\n<p>Ne str\u0103duim \u00eentotdeauna s\u0103 oferim servicii rapide. De asemenea, pute\u021bi profita <a href=\"https:\/\/myflowerstands.com\/ro\/sfaturi-utile\/\">de sfaturile noastre<\/a>. Dac\u0103 modelul nu este disponibil \u00een momentul solicit\u0103rii, perioada de realizare este de p\u00e2n\u0103 la 7 zile lucr\u0103toare. Livr\u0103rile se fac prin curier, cu plata ramburs .<\/p>","protected":false},"excerpt":{"rendered":"<p>Inspira\u021bi de florari pasiona\u021bi, am creat suporturile noastre moderne de flori pentru fiecare cas\u0103 cu mare aten\u021bie la detalii \u0219i viziune &#8211; solu\u021bia perfect\u0103 pentru col\u021bul dvs. de flori! Suporturile de flori, care sunt modele practice, solide \u0219i stabile, economisesc spa\u021biu, aduc ordine \u0219i prospe\u021bime \u00een interior. Produse de calitate la un pre\u021b rezonabil. !&#8230; <a class=\"more-link\" href=\"https:\/\/myflowerstands.com\/ro\/product\/modelul-color-turn-14\/\" title=\"ReadModelul &#8222;Color Turn 14&#8243;\">Read more<\/a><\/p>\n","protected":false},"featured_media":194,"comment_status":"open","ping_status":"closed","template":"","meta":{"_acf_changed":false},"product_brand":[],"product_cat":[45],"product_tag":[],"class_list":{"0":"post-193","1":"product","2":"type-product","3":"status-publish","4":"has-post-thumbnail","6":"product_cat-products","8":"first","9":"instock","10":"shipping-taxable","11":"purchasable","12":"product-type-variable"},"acf":[],"yoast_head":"<!-- This site is optimized with the Yoast SEO plugin v26.7 - https:\/\/yoast.com\/wordpress\/plugins\/seo\/ -->\n<title>\u0441\u0443\u043f\u0435\u0440 \u0446\u0432\u0435\u0442\u0430\u0440\u043d\u0438\u0446\u0438 - \u043d\u0438\u0441\u043a\u0430 \u0446\u0435\u043d\u0430- \u043a\u0430\u0447\u0435\u0441\u0442\u0432\u043e - \u043f\u043e\u0434\u0430\u0440\u044a\u043a - \u0446\u0432\u0435\u0442\u0435 - \u043f\u043e\u0441\u0442\u0430\u0432\u043a\u0430<\/title>\n<meta name=\"description\" content=\"\u041c\u043e\u0434\u0435\u0440\u043d\u0438 \u0438 \u043a\u0430\u0447\u0435\u0441\u0442\u0432\u0435\u043d\u0438 \u0446\u0432\u0435\u0442\u0430\u0440\u043d\u0438\u0446\u0438 \u0437\u0430 \u0432\u0441\u0435\u043a\u0438 \u0434\u043e\u043c \u0438 \u043e\u0444\u0438\u0441- \u041a\u043e\u043d\u043a\u0443\u0440\u0435\u043d\u0442\u043d\u0438 \u0446\u0435\u043d\u0438- \u0411\u044a\u0440\u0437\u0430 \u0434\u043e\u0441\u0442\u0430\u0432\u043a\u0430 \u0434\u043e \u0430\u0434\u0440\u0435\u0441 \u0438 \u043e\u0444\u0438\u0441 - \u0417\u0430 \u0446\u0435\u043d\u0438\u0442\u0435\u043b\u0438 - \u0430\u0440\u0442 - \u043c\u0435\u0431\u0435\u043b - \u043e\u0440\u0438\u0433\u0438\u043d\u0430\u043b\u043d\u0438 -\" \/>\n<meta name=\"robots\" content=\"index, follow, max-snippet:-1, max-image-preview:large, max-video-preview:-1\" \/>\n<link rel=\"canonical\" href=\"https:\/\/myflowerstands.com\/ro\/product\/\u0446\u0432\u0435\u0442\u043d\u0430-\u043a\u0443\u043b\u0430-14\/\" \/>\n<meta property=\"og:locale\" content=\"ro_RO\" \/>\n<meta property=\"og:type\" content=\"article\" \/>\n<meta property=\"og:title\" content=\"\u041c\u043e\u0434\u0435\u0440\u043d\u0438 \u0438 \u0441\u0442\u0438\u043b\u043d\u0438 \u0446\u0432\u0435\u0442\u0430\u0440\u043d\u0438\u0446\u0438 \u0437\u0430 \u0432\u0441\u0435\u043a\u0438 \u0434\u043e\u043c\" \/>\n<meta property=\"og:description\" content=\"\u041c\u043e\u0434\u0435\u0440\u043d\u0438 \u0438 \u043a\u0430\u0447\u0435\u0441\u0442\u0432\u0435\u043d\u0438 \u0446\u0432\u0435\u0442\u0430\u0440\u043d\u0438\u0446\u0438 \u0437\u0430 \u0432\u0441\u0435\u043a\u0438 \u0434\u043e\u043c \u0438 \u043e\u0444\u0438\u0441- \u041a\u043e\u043d\u043a\u0443\u0440\u0435\u043d\u0442\u043d\u0438 \u0446\u0435\u043d\u0438- \u0411\u044a\u0440\u0437\u0430 \u0434\u043e\u0441\u0442\u0430\u0432\u043a\u0430 \u0434\u043e \u0430\u0434\u0440\u0435\u0441 \u0438 \u043e\u0444\u0438\u0441 - \u0417\u0430 \u0446\u0435\u043d\u0438\u0442\u0435\u043b\u0438 - \u0430\u0440\u0442 - \u043c\u0435\u0431\u0435\u043b - \u043e\u0440\u0438\u0433\u0438\u043d\u0430\u043b\u043d\u0438 -\" \/>\n<meta property=\"og:url\" content=\"https:\/\/myflowerstands.com\/ro\/product\/\u0446\u0432\u0435\u0442\u043d\u0430-\u043a\u0443\u043b\u0430-14\/\" \/>\n<meta property=\"og:site_name\" content=\"MyFlowerStands\" \/>\n<meta property=\"article:modified_time\" content=\"2026-01-12T21:22:13+00:00\" \/>\n<meta property=\"og:image\" content=\"https:\/\/myflowerstands.com\/wp-content\/uploads\/2022\/05\/\u0426\u0432\u0435\u0442\u043d\u0430-\u043a\u0443\u043b\u0430-14-2.jpg\" \/>\n\t<meta property=\"og:image:width\" content=\"1448\" \/>\n\t<meta property=\"og:image:height\" content=\"2172\" \/>\n\t<meta property=\"og:image:type\" content=\"image\/jpeg\" \/>\n<meta name=\"twitter:card\" content=\"summary_large_image\" \/>\n<meta name=\"twitter:label1\" content=\"Timp estimat pentru citire\" \/>\n\t<meta name=\"twitter:data1\" content=\"2 minute\" \/>\n<script type=\"application\/ld+json\" class=\"yoast-schema-graph\">{\"@context\":\"https:\/\/schema.org\",\"@graph\":[{\"@type\":\"WebPage\",\"@id\":\"https:\/\/myflowerstands.com\/ro\/product\/%d1%86%d0%b2%d0%b5%d1%82%d0%bd%d0%b0-%d0%ba%d1%83%d0%bb%d0%b0-14\/\",\"url\":\"https:\/\/myflowerstands.com\/ro\/product\/%d1%86%d0%b2%d0%b5%d1%82%d0%bd%d0%b0-%d0%ba%d1%83%d0%bb%d0%b0-14\/\",\"name\":\"\u0441\u0443\u043f\u0435\u0440 \u0446\u0432\u0435\u0442\u0430\u0440\u043d\u0438\u0446\u0438 - \u043d\u0438\u0441\u043a\u0430 \u0446\u0435\u043d\u0430- \u043a\u0430\u0447\u0435\u0441\u0442\u0432\u043e - \u043f\u043e\u0434\u0430\u0440\u044a\u043a - \u0446\u0432\u0435\u0442\u0435 - \u043f\u043e\u0441\u0442\u0430\u0432\u043a\u0430\",\"isPartOf\":{\"@id\":\"https:\/\/myflowerstands.com\/ro\/#website\"},\"primaryImageOfPage\":{\"@id\":\"https:\/\/myflowerstands.com\/ro\/product\/%d1%86%d0%b2%d0%b5%d1%82%d0%bd%d0%b0-%d0%ba%d1%83%d0%bb%d0%b0-14\/#primaryimage\"},\"image\":{\"@id\":\"https:\/\/myflowerstands.com\/bg\/product\/%d1%86%d0%b2%d0%b5%d1%82%d0%bd%d0%b0-%d0%ba%d1%83%d0%bb%d0%b0-14\/#primaryimage\"},\"thumbnailUrl\":\"https:\/\/myflowerstands.com\/wp-content\/uploads\/2022\/05\/\u0426\u0432\u0435\u0442\u043d\u0430-\u043a\u0443\u043b\u0430-14-1.jpg\",\"datePublished\":\"2022-05-01T23:34:30+00:00\",\"dateModified\":\"2026-01-12T21:22:13+00:00\",\"description\":\"\u041c\u043e\u0434\u0435\u0440\u043d\u0438 \u0438 \u043a\u0430\u0447\u0435\u0441\u0442\u0432\u0435\u043d\u0438 \u0446\u0432\u0435\u0442\u0430\u0440\u043d\u0438\u0446\u0438 \u0437\u0430 \u0432\u0441\u0435\u043a\u0438 \u0434\u043e\u043c \u0438 \u043e\u0444\u0438\u0441- \u041a\u043e\u043d\u043a\u0443\u0440\u0435\u043d\u0442\u043d\u0438 \u0446\u0435\u043d\u0438- \u0411\u044a\u0440\u0437\u0430 \u0434\u043e\u0441\u0442\u0430\u0432\u043a\u0430 \u0434\u043e \u0430\u0434\u0440\u0435\u0441 \u0438 \u043e\u0444\u0438\u0441 - \u0417\u0430 \u0446\u0435\u043d\u0438\u0442\u0435\u043b\u0438 - \u0430\u0440\u0442 - \u043c\u0435\u0431\u0435\u043b - \u043e\u0440\u0438\u0433\u0438\u043d\u0430\u043b\u043d\u0438 -\",\"breadcrumb\":{\"@id\":\"https:\/\/myflowerstands.com\/ro\/product\/%d1%86%d0%b2%d0%b5%d1%82%d0%bd%d0%b0-%d0%ba%d1%83%d0%bb%d0%b0-14\/#breadcrumb\"},\"inLanguage\":\"ro-RO\",\"potentialAction\":[{\"@type\":\"ReadAction\",\"target\":[[\"https:\/\/myflowerstands.com\/ro\/product\/%d1%86%d0%b2%d0%b5%d1%82%d0%bd%d0%b0-%d0%ba%d1%83%d0%bb%d0%b0-14\/\"]]}]},{\"@type\":\"ImageObject\",\"inLanguage\":\"ro-RO\",\"@id\":\"https:\/\/myflowerstands.com\/ro\/product\/%d1%86%d0%b2%d0%b5%d1%82%d0%bd%d0%b0-%d0%ba%d1%83%d0%bb%d0%b0-14\/#primaryimage\",\"url\":\"https:\/\/myflowerstands.com\/wp-content\/uploads\/2022\/05\/\u0426\u0432\u0435\u0442\u043d\u0430-\u043a\u0443\u043b\u0430-14-1.jpg\",\"contentUrl\":\"https:\/\/myflowerstands.com\/wp-content\/uploads\/2022\/05\/\u0426\u0432\u0435\u0442\u043d\u0430-\u043a\u0443\u043b\u0430-14-1.jpg\",\"width\":1448,\"height\":2172,\"caption\":\"\u041c\u043e\u0434\u0435\u043b : \u0426\u0432\u0435\u0442\u043d\u0430 \u043a\u0443\u043b\u0430 14\"},{\"@type\":\"BreadcrumbList\",\"@id\":\"https:\/\/myflowerstands.com\/ro\/product\/%d1%86%d0%b2%d0%b5%d1%82%d0%bd%d0%b0-%d0%ba%d1%83%d0%bb%d0%b0-14\/#breadcrumb\",\"itemListElement\":[{\"@type\":\"ListItem\",\"position\":1,\"name\":\"\u041d\u0430\u0447\u0430\u043b\u043e\",\"item\":\"https:\/\/myflowerstands.com\/ro\/\"},{\"@type\":\"ListItem\",\"position\":2,\"name\":\"Shop\",\"item\":\"https:\/\/myflowerstands.com\/ro\/shop\/\"},{\"@type\":\"ListItem\",\"position\":3,\"name\":\"\u0426\u0432\u0435\u0442\u043d\u0430 \u043a\u0443\u043b\u0430 14\"}]},{\"@type\":\"WebSite\",\"@id\":\"https:\/\/myflowerstands.com\/ro\/#website\",\"url\":\"https:\/\/myflowerstands.com\/ro\/\",\"name\":\"MyFlowerStands\",\"description\":\"\",\"potentialAction\":[{\"@type\":\"SearchAction\",\"target\":{\"@type\":\"EntryPoint\",\"urlTemplate\":\"https:\/\/myflowerstands.com\/ro\/?s={search_term_string}\"},\"query-input\":{\"@type\":\"PropertyValueSpecification\",\"valueRequired\":true,\"valueName\":\"search_term_string\"}}],\"inLanguage\":\"ro-RO\"}]}<\/script>\n<!-- \/ Yoast SEO plugin. -->","yoast_head_json":{"title":"\u0441\u0443\u043f\u0435\u0440 \u0446\u0432\u0435\u0442\u0430\u0440\u043d\u0438\u0446\u0438 - \u043d\u0438\u0441\u043a\u0430 \u0446\u0435\u043d\u0430- \u043a\u0430\u0447\u0435\u0441\u0442\u0432\u043e - \u043f\u043e\u0434\u0430\u0440\u044a\u043a - \u0446\u0432\u0435\u0442\u0435 - \u043f\u043e\u0441\u0442\u0430\u0432\u043a\u0430","description":"\u041c\u043e\u0434\u0435\u0440\u043d\u0438 \u0438 \u043a\u0430\u0447\u0435\u0441\u0442\u0432\u0435\u043d\u0438 \u0446\u0432\u0435\u0442\u0430\u0440\u043d\u0438\u0446\u0438 \u0437\u0430 \u0432\u0441\u0435\u043a\u0438 \u0434\u043e\u043c \u0438 \u043e\u0444\u0438\u0441- \u041a\u043e\u043d\u043a\u0443\u0440\u0435\u043d\u0442\u043d\u0438 \u0446\u0435\u043d\u0438- \u0411\u044a\u0440\u0437\u0430 \u0434\u043e\u0441\u0442\u0430\u0432\u043a\u0430 \u0434\u043e \u0430\u0434\u0440\u0435\u0441 \u0438 \u043e\u0444\u0438\u0441 - \u0417\u0430 \u0446\u0435\u043d\u0438\u0442\u0435\u043b\u0438 - \u0430\u0440\u0442 - \u043c\u0435\u0431\u0435\u043b - \u043e\u0440\u0438\u0433\u0438\u043d\u0430\u043b\u043d\u0438 -","robots":{"index":"index","follow":"follow","max-snippet":"max-snippet:-1","max-image-preview":"max-image-preview:large","max-video-preview":"max-video-preview:-1"},"canonical":"https:\/\/myflowerstands.com\/ro\/product\/\u0446\u0432\u0435\u0442\u043d\u0430-\u043a\u0443\u043b\u0430-14\/","og_locale":"ro_RO","og_type":"article","og_title":"\u041c\u043e\u0434\u0435\u0440\u043d\u0438 \u0438 \u0441\u0442\u0438\u043b\u043d\u0438 \u0446\u0432\u0435\u0442\u0430\u0440\u043d\u0438\u0446\u0438 \u0437\u0430 \u0432\u0441\u0435\u043a\u0438 \u0434\u043e\u043c","og_description":"\u041c\u043e\u0434\u0435\u0440\u043d\u0438 \u0438 \u043a\u0430\u0447\u0435\u0441\u0442\u0432\u0435\u043d\u0438 \u0446\u0432\u0435\u0442\u0430\u0440\u043d\u0438\u0446\u0438 \u0437\u0430 \u0432\u0441\u0435\u043a\u0438 \u0434\u043e\u043c \u0438 \u043e\u0444\u0438\u0441- \u041a\u043e\u043d\u043a\u0443\u0440\u0435\u043d\u0442\u043d\u0438 \u0446\u0435\u043d\u0438- \u0411\u044a\u0440\u0437\u0430 \u0434\u043e\u0441\u0442\u0430\u0432\u043a\u0430 \u0434\u043e \u0430\u0434\u0440\u0435\u0441 \u0438 \u043e\u0444\u0438\u0441 - \u0417\u0430 \u0446\u0435\u043d\u0438\u0442\u0435\u043b\u0438 - \u0430\u0440\u0442 - \u043c\u0435\u0431\u0435\u043b - \u043e\u0440\u0438\u0433\u0438\u043d\u0430\u043b\u043d\u0438 -","og_url":"https:\/\/myflowerstands.com\/ro\/product\/\u0446\u0432\u0435\u0442\u043d\u0430-\u043a\u0443\u043b\u0430-14\/","og_site_name":"MyFlowerStands","article_modified_time":"2026-01-12T21:22:13+00:00","og_image":[{"width":1448,"height":2172,"url":"https:\/\/myflowerstands.com\/wp-content\/uploads\/2022\/05\/\u0426\u0432\u0435\u0442\u043d\u0430-\u043a\u0443\u043b\u0430-14-2.jpg","type":"image\/jpeg"}],"twitter_card":"summary_large_image","twitter_misc":{"Timp estimat pentru citire":"2 minute"},"schema":{"@context":"https:\/\/schema.org","@graph":[{"@type":"WebPage","@id":"https:\/\/myflowerstands.com\/ro\/product\/%d1%86%d0%b2%d0%b5%d1%82%d0%bd%d0%b0-%d0%ba%d1%83%d0%bb%d0%b0-14\/","url":"https:\/\/myflowerstands.com\/ro\/product\/%d1%86%d0%b2%d0%b5%d1%82%d0%bd%d0%b0-%d0%ba%d1%83%d0%bb%d0%b0-14\/","name":"\u0441\u0443\u043f\u0435\u0440 \u0446\u0432\u0435\u0442\u0430\u0440\u043d\u0438\u0446\u0438 - \u043d\u0438\u0441\u043a\u0430 \u0446\u0435\u043d\u0430- \u043a\u0430\u0447\u0435\u0441\u0442\u0432\u043e - \u043f\u043e\u0434\u0430\u0440\u044a\u043a - \u0446\u0432\u0435\u0442\u0435 - \u043f\u043e\u0441\u0442\u0430\u0432\u043a\u0430","isPartOf":{"@id":"https:\/\/myflowerstands.com\/ro\/#website"},"primaryImageOfPage":{"@id":"https:\/\/myflowerstands.com\/ro\/product\/%d1%86%d0%b2%d0%b5%d1%82%d0%bd%d0%b0-%d0%ba%d1%83%d0%bb%d0%b0-14\/#primaryimage"},"image":{"@id":"https:\/\/myflowerstands.com\/bg\/product\/%d1%86%d0%b2%d0%b5%d1%82%d0%bd%d0%b0-%d0%ba%d1%83%d0%bb%d0%b0-14\/#primaryimage"},"thumbnailUrl":"https:\/\/myflowerstands.com\/wp-content\/uploads\/2022\/05\/\u0426\u0432\u0435\u0442\u043d\u0430-\u043a\u0443\u043b\u0430-14-1.jpg","datePublished":"2022-05-01T23:34:30+00:00","dateModified":"2026-01-12T21:22:13+00:00","description":"\u041c\u043e\u0434\u0435\u0440\u043d\u0438 \u0438 \u043a\u0430\u0447\u0435\u0441\u0442\u0432\u0435\u043d\u0438 \u0446\u0432\u0435\u0442\u0430\u0440\u043d\u0438\u0446\u0438 \u0437\u0430 \u0432\u0441\u0435\u043a\u0438 \u0434\u043e\u043c \u0438 \u043e\u0444\u0438\u0441- \u041a\u043e\u043d\u043a\u0443\u0440\u0435\u043d\u0442\u043d\u0438 \u0446\u0435\u043d\u0438- \u0411\u044a\u0440\u0437\u0430 \u0434\u043e\u0441\u0442\u0430\u0432\u043a\u0430 \u0434\u043e \u0430\u0434\u0440\u0435\u0441 \u0438 \u043e\u0444\u0438\u0441 - \u0417\u0430 \u0446\u0435\u043d\u0438\u0442\u0435\u043b\u0438 - \u0430\u0440\u0442 - \u043c\u0435\u0431\u0435\u043b - \u043e\u0440\u0438\u0433\u0438\u043d\u0430\u043b\u043d\u0438 -","breadcrumb":{"@id":"https:\/\/myflowerstands.com\/ro\/product\/%d1%86%d0%b2%d0%b5%d1%82%d0%bd%d0%b0-%d0%ba%d1%83%d0%bb%d0%b0-14\/#breadcrumb"},"inLanguage":"ro-RO","potentialAction":[{"@type":"ReadAction","target":[["https:\/\/myflowerstands.com\/ro\/product\/%d1%86%d0%b2%d0%b5%d1%82%d0%bd%d0%b0-%d0%ba%d1%83%d0%bb%d0%b0-14\/"]]}]},{"@type":"ImageObject","inLanguage":"ro-RO","@id":"https:\/\/myflowerstands.com\/ro\/product\/%d1%86%d0%b2%d0%b5%d1%82%d0%bd%d0%b0-%d0%ba%d1%83%d0%bb%d0%b0-14\/#primaryimage","url":"https:\/\/myflowerstands.com\/wp-content\/uploads\/2022\/05\/\u0426\u0432\u0435\u0442\u043d\u0430-\u043a\u0443\u043b\u0430-14-1.jpg","contentUrl":"https:\/\/myflowerstands.com\/wp-content\/uploads\/2022\/05\/\u0426\u0432\u0435\u0442\u043d\u0430-\u043a\u0443\u043b\u0430-14-1.jpg","width":1448,"height":2172,"caption":"\u041c\u043e\u0434\u0435\u043b : \u0426\u0432\u0435\u0442\u043d\u0430 \u043a\u0443\u043b\u0430 14"},{"@type":"BreadcrumbList","@id":"https:\/\/myflowerstands.com\/ro\/product\/%d1%86%d0%b2%d0%b5%d1%82%d0%bd%d0%b0-%d0%ba%d1%83%d0%bb%d0%b0-14\/#breadcrumb","itemListElement":[{"@type":"ListItem","position":1,"name":"\u041d\u0430\u0447\u0430\u043b\u043e","item":"https:\/\/myflowerstands.com\/ro\/"},{"@type":"ListItem","position":2,"name":"Shop","item":"https:\/\/myflowerstands.com\/ro\/shop\/"},{"@type":"ListItem","position":3,"name":"\u0426\u0432\u0435\u0442\u043d\u0430 \u043a\u0443\u043b\u0430 14"}]},{"@type":"WebSite","@id":"https:\/\/myflowerstands.com\/ro\/#website","url":"https:\/\/myflowerstands.com\/ro\/","name":"MyFlowerStands","description":"","potentialAction":[{"@type":"SearchAction","target":{"@type":"EntryPoint","urlTemplate":"https:\/\/myflowerstands.com\/ro\/?s={search_term_string}"},"query-input":{"@type":"PropertyValueSpecification","valueRequired":true,"valueName":"search_term_string"}}],"inLanguage":"ro-RO"}]}},"_links":{"self":[{"href":"https:\/\/myflowerstands.com\/ro\/wp-json\/wp\/v2\/product\/193","targetHints":{"allow":["GET"]}}],"collection":[{"href":"https:\/\/myflowerstands.com\/ro\/wp-json\/wp\/v2\/product"}],"about":[{"href":"https:\/\/myflowerstands.com\/ro\/wp-json\/wp\/v2\/types\/product"}],"replies":[{"embeddable":true,"href":"https:\/\/myflowerstands.com\/ro\/wp-json\/wp\/v2\/comments?post=193"}],"wp:featuredmedia":[{"embeddable":true,"href":"https:\/\/myflowerstands.com\/ro\/wp-json\/wp\/v2\/media\/194"}],"wp:attachment":[{"href":"https:\/\/myflowerstands.com\/ro\/wp-json\/wp\/v2\/media?parent=193"}],"wp:term":[{"taxonomy":"product_brand","embeddable":true,"href":"https:\/\/myflowerstands.com\/ro\/wp-json\/wp\/v2\/product_brand?post=193"},{"taxonomy":"product_cat","embeddable":true,"href":"https:\/\/myflowerstands.com\/ro\/wp-json\/wp\/v2\/product_cat?post=193"},{"taxonomy":"product_tag","embeddable":true,"href":"https:\/\/myflowerstands.com\/ro\/wp-json\/wp\/v2\/product_tag?post=193"}],"curies":[{"name":"wp","href":"https:\/\/api.w.org\/{rel}","templated":true}]}}