{"id":136,"date":"2022-04-30T03:17:18","date_gmt":"2022-04-30T03:17:18","guid":{"rendered":"https:\/\/myflowerstands.com\/?post_type=product&#038;p=136"},"modified":"2026-01-12T21:22:13","modified_gmt":"2026-01-12T21:22:13","slug":"color-surprise-7","status":"publish","type":"product","link":"https:\/\/myflowerstands.com\/ro\/product\/modelul-color-surprise-7-2\/","title":{"rendered":"Modelul &#8222;Color Surprise 7&#8243;"},"content":{"rendered":"<p>Modelul este realizat din tub de profil metalic 2\/2 cm, acoperit cu pulbere \u00een culoarea \u201ealb perlat\u201d sau culoare \u201eneagr\u0103\u201c, rafturi din PAL cu dimensiunea 20\/20 cm. \u00cen\u0103l\u021bime 125 cm, l\u0103\u021bime 65 cm, ad\u00e2ncime 20 cm. \u00cen\u0103l\u021bimea dintre rafturile individuale 38 cm. Cu 7 rafturi iar ghivecele pot fi asezate in baza.Greutatea maxima suportata pe raft &#8211; 5 kg. Echipament: elemente de fixare, schem\u0103 de asamblare. <\/p>\n<p>Termenul de produc\u021bie &#8211; p\u00e2n\u0103 la 7 zile lucr\u0103toare. Livrare gratuita prin curier. Plata la livrare.<\/p>","protected":false},"excerpt":{"rendered":"<p>Modelul este realizat din tub de profil metalic 2\/2 cm, acoperit cu pulbere \u00een culoarea \u201ealb perlat\u201d sau culoare \u201eneagr\u0103\u201c, rafturi din PAL cu dimensiunea 20\/20 cm. \u00cen\u0103l\u021bime 125 cm, l\u0103\u021bime 65 cm, ad\u00e2ncime 20 cm. \u00cen\u0103l\u021bimea dintre rafturile individuale 38 cm. Cu 7 rafturi iar ghivecele pot fi asezate in baza.Greutatea maxima suportata pe&#8230; <a class=\"more-link\" href=\"https:\/\/myflowerstands.com\/ro\/product\/modelul-color-surprise-7-2\/\" title=\"ReadModelul &#8222;Color Surprise 7&#8243;\">Read more<\/a><\/p>\n","protected":false},"featured_media":178,"comment_status":"open","ping_status":"closed","template":"","meta":{"_acf_changed":false},"product_brand":[],"product_cat":[45],"product_tag":[],"class_list":{"0":"post-136","1":"product","2":"type-product","3":"status-publish","4":"has-post-thumbnail","6":"product_cat-products","8":"first","9":"instock","10":"shipping-taxable","11":"purchasable","12":"product-type-variable"},"acf":[],"yoast_head":"<!-- This site is optimized with the Yoast SEO plugin v26.7 - https:\/\/yoast.com\/wordpress\/plugins\/seo\/ -->\n<title>\u041c\u043e\u0434\u0435\u0440\u043d\u0438 \u0446\u0432\u0435\u0442\u0430\u0440\u043d\u0438\u0446\u0438 \u0437\u0430 \u0432\u0441\u0435\u043a\u0438 \u0434\u043e\u043c- \u0420\u0430\u0437\u0443\u043c\u043d\u0430 \u0446\u0435\u043d\u0430- \u043a\u0430\u0447\u0435\u0441\u0442\u0432\u043e<\/title>\n<meta name=\"description\" content=\"\u041c\u043e\u0434\u0435\u0440\u043d\u0438 \u0438 \u043a\u0430\u0447\u0435\u0441\u0442\u0432\u0435\u043d\u0438 \u0446\u0432\u0435\u0442\u0430\u0440\u043d\u0438\u0446\u0438 \u0437\u0430 \u0432\u0441\u0435\u043a\u0438 \u0434\u043e\u043c \u0438 \u043e\u0444\u0438\u0441- \u041a\u043e\u043d\u043a\u0443\u0440\u0435\u043d\u0442\u043d\u0438 \u0446\u0435\u043d\u0438- \u0411\u044a\u0440\u0437\u0430 \u0434\u043e\u0441\u0442\u0430\u0432\u043a\u0430 \u0434\u043e \u0430\u0434\u0440\u0435\u0441 \u0438 \u043e\u0444\u0438\u0441 - \u0417\u0430 \u0446\u0435\u043d\u0438\u0442\u0435\u043b\u0438 - \u0430\u0440\u0442 - \u0438\u043d\u0442\u0435\u0440\u0438\u043e\u0440 - \u0448\u0438\u043a - \u043c\u0435\u0431\u0435\u043b\u0438\" \/>\n<meta name=\"robots\" content=\"index, follow, max-snippet:-1, max-image-preview:large, max-video-preview:-1\" \/>\n<link rel=\"canonical\" href=\"https:\/\/myflowerstands.com\/ro\/product\/\u0446\u0432\u0435\u0442\u043d\u0430-\u0438\u0437\u043d\u0435\u043d\u0430\u0434\u0430-7-2\/\" \/>\n<meta property=\"og:locale\" content=\"ro_RO\" \/>\n<meta property=\"og:type\" content=\"article\" \/>\n<meta property=\"og:title\" content=\"\u041c\u043e\u0434\u0435\u0440\u043d\u0438 \u0446\u0432\u0435\u0442\u0430\u0440\u043d\u0438\u0446\u0438 \u0437\u0430 \u0432\u0441\u0435\u043a\u0438 \u0434\u043e\u043c- \u0420\u0430\u0437\u0443\u043c\u043d\u0430 \u0446\u0435\u043d\u0430- \u043a\u0430\u0447\u0435\u0441\u0442\u0432\u043e\" \/>\n<meta property=\"og:description\" content=\"\u041c\u043e\u0434\u0435\u0440\u043d\u0438 \u0438 \u043a\u0430\u0447\u0435\u0441\u0442\u0432\u0435\u043d\u0438 \u0446\u0432\u0435\u0442\u0430\u0440\u043d\u0438\u0446\u0438 \u0437\u0430 \u0432\u0441\u0435\u043a\u0438 \u0434\u043e\u043c \u0438 \u043e\u0444\u0438\u0441- \u041a\u043e\u043d\u043a\u0443\u0440\u0435\u043d\u0442\u043d\u0438 \u0446\u0435\u043d\u0438- \u0411\u044a\u0440\u0437\u0430 \u0434\u043e\u0441\u0442\u0430\u0432\u043a\u0430 \u0434\u043e \u0430\u0434\u0440\u0435\u0441 \u0438 \u043e\u0444\u0438\u0441 - \u0417\u0430 \u0446\u0435\u043d\u0438\u0442\u0435\u043b\u0438 - \u0430\u0440\u0442 - \u0438\u043d\u0442\u0435\u0440\u0438\u043e\u0440 - \u0448\u0438\u043a - \u043c\u0435\u0431\u0435\u043b\u0438\" \/>\n<meta property=\"og:url\" content=\"https:\/\/myflowerstands.com\/ro\/product\/\u0446\u0432\u0435\u0442\u043d\u0430-\u0438\u0437\u043d\u0435\u043d\u0430\u0434\u0430-7-2\/\" \/>\n<meta property=\"og:site_name\" content=\"MyFlowerStands\" \/>\n<meta property=\"article:modified_time\" content=\"2026-01-12T21:22:13+00:00\" \/>\n<meta property=\"og:image\" content=\"https:\/\/myflowerstands.com\/wp-content\/uploads\/2022\/04\/\u0426\u0432\u0435\u0442\u043d\u0430-\u0438\u0437\u043d\u0435\u043d\u0430\u0434\u0430-7-1.jpg\" \/>\n\t<meta property=\"og:image:width\" content=\"1448\" \/>\n\t<meta property=\"og:image:height\" content=\"2172\" \/>\n\t<meta property=\"og:image:type\" content=\"image\/jpeg\" \/>\n<meta name=\"twitter:card\" content=\"summary_large_image\" \/>\n<meta name=\"twitter:label1\" content=\"Timp estimat pentru citire\" \/>\n\t<meta name=\"twitter:data1\" content=\"2 minute\" \/>\n<script type=\"application\/ld+json\" class=\"yoast-schema-graph\">{\"@context\":\"https:\/\/schema.org\",\"@graph\":[{\"@type\":\"WebPage\",\"@id\":\"https:\/\/myflowerstands.com\/ro\/product\/%d1%86%d0%b2%d0%b5%d1%82%d0%bd%d0%b0-%d0%b8%d0%b7%d0%bd%d0%b5%d0%bd%d0%b0%d0%b4%d0%b0-7-2\/\",\"url\":\"https:\/\/myflowerstands.com\/ro\/product\/%d1%86%d0%b2%d0%b5%d1%82%d0%bd%d0%b0-%d0%b8%d0%b7%d0%bd%d0%b5%d0%bd%d0%b0%d0%b4%d0%b0-7-2\/\",\"name\":\"\u041c\u043e\u0434\u0435\u0440\u043d\u0438 \u0446\u0432\u0435\u0442\u0430\u0440\u043d\u0438\u0446\u0438 \u0437\u0430 \u0432\u0441\u0435\u043a\u0438 \u0434\u043e\u043c- \u0420\u0430\u0437\u0443\u043c\u043d\u0430 \u0446\u0435\u043d\u0430- \u043a\u0430\u0447\u0435\u0441\u0442\u0432\u043e\",\"isPartOf\":{\"@id\":\"https:\/\/myflowerstands.com\/ro\/#website\"},\"primaryImageOfPage\":{\"@id\":\"https:\/\/myflowerstands.com\/ro\/product\/%d1%86%d0%b2%d0%b5%d1%82%d0%bd%d0%b0-%d0%b8%d0%b7%d0%bd%d0%b5%d0%bd%d0%b0%d0%b4%d0%b0-7-2\/#primaryimage\"},\"image\":{\"@id\":\"https:\/\/myflowerstands.com\/bg\/product\/%d1%86%d0%b2%d0%b5%d1%82%d0%bd%d0%b0-%d0%b8%d0%b7%d0%bd%d0%b5%d0%bd%d0%b0%d0%b4%d0%b0-7-2\/#primaryimage\"},\"thumbnailUrl\":\"https:\/\/myflowerstands.com\/wp-content\/uploads\/2022\/04\/\u0426\u0432\u0435\u0442\u043d\u0430-\u0438\u0437\u043d\u0435\u043d\u0430\u0434\u0430-7-1.jpg\",\"datePublished\":\"2022-04-30T03:17:18+00:00\",\"dateModified\":\"2026-01-12T21:22:13+00:00\",\"description\":\"\u041c\u043e\u0434\u0435\u0440\u043d\u0438 \u0438 \u043a\u0430\u0447\u0435\u0441\u0442\u0432\u0435\u043d\u0438 \u0446\u0432\u0435\u0442\u0430\u0440\u043d\u0438\u0446\u0438 \u0437\u0430 \u0432\u0441\u0435\u043a\u0438 \u0434\u043e\u043c \u0438 \u043e\u0444\u0438\u0441- \u041a\u043e\u043d\u043a\u0443\u0440\u0435\u043d\u0442\u043d\u0438 \u0446\u0435\u043d\u0438- \u0411\u044a\u0440\u0437\u0430 \u0434\u043e\u0441\u0442\u0430\u0432\u043a\u0430 \u0434\u043e \u0430\u0434\u0440\u0435\u0441 \u0438 \u043e\u0444\u0438\u0441 - \u0417\u0430 \u0446\u0435\u043d\u0438\u0442\u0435\u043b\u0438 - \u0430\u0440\u0442 - \u0438\u043d\u0442\u0435\u0440\u0438\u043e\u0440 - \u0448\u0438\u043a - \u043c\u0435\u0431\u0435\u043b\u0438\",\"breadcrumb\":{\"@id\":\"https:\/\/myflowerstands.com\/ro\/product\/%d1%86%d0%b2%d0%b5%d1%82%d0%bd%d0%b0-%d0%b8%d0%b7%d0%bd%d0%b5%d0%bd%d0%b0%d0%b4%d0%b0-7-2\/#breadcrumb\"},\"inLanguage\":\"ro-RO\",\"potentialAction\":[{\"@type\":\"ReadAction\",\"target\":[[\"https:\/\/myflowerstands.com\/ro\/product\/%d1%86%d0%b2%d0%b5%d1%82%d0%bd%d0%b0-%d0%b8%d0%b7%d0%bd%d0%b5%d0%bd%d0%b0%d0%b4%d0%b0-7-2\/\"]]}]},{\"@type\":\"ImageObject\",\"inLanguage\":\"ro-RO\",\"@id\":\"https:\/\/myflowerstands.com\/ro\/product\/%d1%86%d0%b2%d0%b5%d1%82%d0%bd%d0%b0-%d0%b8%d0%b7%d0%bd%d0%b5%d0%bd%d0%b0%d0%b4%d0%b0-7-2\/#primaryimage\",\"url\":\"https:\/\/myflowerstands.com\/wp-content\/uploads\/2022\/04\/\u0426\u0432\u0435\u0442\u043d\u0430-\u0438\u0437\u043d\u0435\u043d\u0430\u0434\u0430-7-1.jpg\",\"contentUrl\":\"https:\/\/myflowerstands.com\/wp-content\/uploads\/2022\/04\/\u0426\u0432\u0435\u0442\u043d\u0430-\u0438\u0437\u043d\u0435\u043d\u0430\u0434\u0430-7-1.jpg\",\"width\":1448,\"height\":2172,\"caption\":\"\u041c\u043e\u0434\u0435\u043b : \u0426\u0432\u0435\u0442\u043d\u0430 \u0438\u0437\u043d\u0435\u043d\u0430\u0434\u0430 7\"},{\"@type\":\"BreadcrumbList\",\"@id\":\"https:\/\/myflowerstands.com\/ro\/product\/%d1%86%d0%b2%d0%b5%d1%82%d0%bd%d0%b0-%d0%b8%d0%b7%d0%bd%d0%b5%d0%bd%d0%b0%d0%b4%d0%b0-7-2\/#breadcrumb\",\"itemListElement\":[{\"@type\":\"ListItem\",\"position\":1,\"name\":\"\u041d\u0430\u0447\u0430\u043b\u043e\",\"item\":\"https:\/\/myflowerstands.com\/ro\/\"},{\"@type\":\"ListItem\",\"position\":2,\"name\":\"Shop\",\"item\":\"https:\/\/myflowerstands.com\/ro\/shop\/\"},{\"@type\":\"ListItem\",\"position\":3,\"name\":\"\u0426\u0432\u0435\u0442\u043d\u0430 \u0438\u0437\u043d\u0435\u043d\u0430\u0434\u0430 7\"}]},{\"@type\":\"WebSite\",\"@id\":\"https:\/\/myflowerstands.com\/ro\/#website\",\"url\":\"https:\/\/myflowerstands.com\/ro\/\",\"name\":\"MyFlowerStands\",\"description\":\"\",\"potentialAction\":[{\"@type\":\"SearchAction\",\"target\":{\"@type\":\"EntryPoint\",\"urlTemplate\":\"https:\/\/myflowerstands.com\/ro\/?s={search_term_string}\"},\"query-input\":{\"@type\":\"PropertyValueSpecification\",\"valueRequired\":true,\"valueName\":\"search_term_string\"}}],\"inLanguage\":\"ro-RO\"}]}<\/script>\n<!-- \/ Yoast SEO plugin. -->","yoast_head_json":{"title":"\u041c\u043e\u0434\u0435\u0440\u043d\u0438 \u0446\u0432\u0435\u0442\u0430\u0440\u043d\u0438\u0446\u0438 \u0437\u0430 \u0432\u0441\u0435\u043a\u0438 \u0434\u043e\u043c- \u0420\u0430\u0437\u0443\u043c\u043d\u0430 \u0446\u0435\u043d\u0430- \u043a\u0430\u0447\u0435\u0441\u0442\u0432\u043e","description":"\u041c\u043e\u0434\u0435\u0440\u043d\u0438 \u0438 \u043a\u0430\u0447\u0435\u0441\u0442\u0432\u0435\u043d\u0438 \u0446\u0432\u0435\u0442\u0430\u0440\u043d\u0438\u0446\u0438 \u0437\u0430 \u0432\u0441\u0435\u043a\u0438 \u0434\u043e\u043c \u0438 \u043e\u0444\u0438\u0441- \u041a\u043e\u043d\u043a\u0443\u0440\u0435\u043d\u0442\u043d\u0438 \u0446\u0435\u043d\u0438- \u0411\u044a\u0440\u0437\u0430 \u0434\u043e\u0441\u0442\u0430\u0432\u043a\u0430 \u0434\u043e \u0430\u0434\u0440\u0435\u0441 \u0438 \u043e\u0444\u0438\u0441 - \u0417\u0430 \u0446\u0435\u043d\u0438\u0442\u0435\u043b\u0438 - \u0430\u0440\u0442 - \u0438\u043d\u0442\u0435\u0440\u0438\u043e\u0440 - \u0448\u0438\u043a - \u043c\u0435\u0431\u0435\u043b\u0438","robots":{"index":"index","follow":"follow","max-snippet":"max-snippet:-1","max-image-preview":"max-image-preview:large","max-video-preview":"max-video-preview:-1"},"canonical":"https:\/\/myflowerstands.com\/ro\/product\/\u0446\u0432\u0435\u0442\u043d\u0430-\u0438\u0437\u043d\u0435\u043d\u0430\u0434\u0430-7-2\/","og_locale":"ro_RO","og_type":"article","og_title":"\u041c\u043e\u0434\u0435\u0440\u043d\u0438 \u0446\u0432\u0435\u0442\u0430\u0440\u043d\u0438\u0446\u0438 \u0437\u0430 \u0432\u0441\u0435\u043a\u0438 \u0434\u043e\u043c- \u0420\u0430\u0437\u0443\u043c\u043d\u0430 \u0446\u0435\u043d\u0430- \u043a\u0430\u0447\u0435\u0441\u0442\u0432\u043e","og_description":"\u041c\u043e\u0434\u0435\u0440\u043d\u0438 \u0438 \u043a\u0430\u0447\u0435\u0441\u0442\u0432\u0435\u043d\u0438 \u0446\u0432\u0435\u0442\u0430\u0440\u043d\u0438\u0446\u0438 \u0437\u0430 \u0432\u0441\u0435\u043a\u0438 \u0434\u043e\u043c \u0438 \u043e\u0444\u0438\u0441- \u041a\u043e\u043d\u043a\u0443\u0440\u0435\u043d\u0442\u043d\u0438 \u0446\u0435\u043d\u0438- \u0411\u044a\u0440\u0437\u0430 \u0434\u043e\u0441\u0442\u0430\u0432\u043a\u0430 \u0434\u043e \u0430\u0434\u0440\u0435\u0441 \u0438 \u043e\u0444\u0438\u0441 - \u0417\u0430 \u0446\u0435\u043d\u0438\u0442\u0435\u043b\u0438 - \u0430\u0440\u0442 - \u0438\u043d\u0442\u0435\u0440\u0438\u043e\u0440 - \u0448\u0438\u043a - \u043c\u0435\u0431\u0435\u043b\u0438","og_url":"https:\/\/myflowerstands.com\/ro\/product\/\u0446\u0432\u0435\u0442\u043d\u0430-\u0438\u0437\u043d\u0435\u043d\u0430\u0434\u0430-7-2\/","og_site_name":"MyFlowerStands","article_modified_time":"2026-01-12T21:22:13+00:00","og_image":[{"width":1448,"height":2172,"url":"https:\/\/myflowerstands.com\/wp-content\/uploads\/2022\/04\/\u0426\u0432\u0435\u0442\u043d\u0430-\u0438\u0437\u043d\u0435\u043d\u0430\u0434\u0430-7-1.jpg","type":"image\/jpeg"}],"twitter_card":"summary_large_image","twitter_misc":{"Timp estimat pentru citire":"2 minute"},"schema":{"@context":"https:\/\/schema.org","@graph":[{"@type":"WebPage","@id":"https:\/\/myflowerstands.com\/ro\/product\/%d1%86%d0%b2%d0%b5%d1%82%d0%bd%d0%b0-%d0%b8%d0%b7%d0%bd%d0%b5%d0%bd%d0%b0%d0%b4%d0%b0-7-2\/","url":"https:\/\/myflowerstands.com\/ro\/product\/%d1%86%d0%b2%d0%b5%d1%82%d0%bd%d0%b0-%d0%b8%d0%b7%d0%bd%d0%b5%d0%bd%d0%b0%d0%b4%d0%b0-7-2\/","name":"\u041c\u043e\u0434\u0435\u0440\u043d\u0438 \u0446\u0432\u0435\u0442\u0430\u0440\u043d\u0438\u0446\u0438 \u0437\u0430 \u0432\u0441\u0435\u043a\u0438 \u0434\u043e\u043c- \u0420\u0430\u0437\u0443\u043c\u043d\u0430 \u0446\u0435\u043d\u0430- \u043a\u0430\u0447\u0435\u0441\u0442\u0432\u043e","isPartOf":{"@id":"https:\/\/myflowerstands.com\/ro\/#website"},"primaryImageOfPage":{"@id":"https:\/\/myflowerstands.com\/ro\/product\/%d1%86%d0%b2%d0%b5%d1%82%d0%bd%d0%b0-%d0%b8%d0%b7%d0%bd%d0%b5%d0%bd%d0%b0%d0%b4%d0%b0-7-2\/#primaryimage"},"image":{"@id":"https:\/\/myflowerstands.com\/bg\/product\/%d1%86%d0%b2%d0%b5%d1%82%d0%bd%d0%b0-%d0%b8%d0%b7%d0%bd%d0%b5%d0%bd%d0%b0%d0%b4%d0%b0-7-2\/#primaryimage"},"thumbnailUrl":"https:\/\/myflowerstands.com\/wp-content\/uploads\/2022\/04\/\u0426\u0432\u0435\u0442\u043d\u0430-\u0438\u0437\u043d\u0435\u043d\u0430\u0434\u0430-7-1.jpg","datePublished":"2022-04-30T03:17:18+00:00","dateModified":"2026-01-12T21:22:13+00:00","description":"\u041c\u043e\u0434\u0435\u0440\u043d\u0438 \u0438 \u043a\u0430\u0447\u0435\u0441\u0442\u0432\u0435\u043d\u0438 \u0446\u0432\u0435\u0442\u0430\u0440\u043d\u0438\u0446\u0438 \u0437\u0430 \u0432\u0441\u0435\u043a\u0438 \u0434\u043e\u043c \u0438 \u043e\u0444\u0438\u0441- \u041a\u043e\u043d\u043a\u0443\u0440\u0435\u043d\u0442\u043d\u0438 \u0446\u0435\u043d\u0438- \u0411\u044a\u0440\u0437\u0430 \u0434\u043e\u0441\u0442\u0430\u0432\u043a\u0430 \u0434\u043e \u0430\u0434\u0440\u0435\u0441 \u0438 \u043e\u0444\u0438\u0441 - \u0417\u0430 \u0446\u0435\u043d\u0438\u0442\u0435\u043b\u0438 - \u0430\u0440\u0442 - \u0438\u043d\u0442\u0435\u0440\u0438\u043e\u0440 - \u0448\u0438\u043a - \u043c\u0435\u0431\u0435\u043b\u0438","breadcrumb":{"@id":"https:\/\/myflowerstands.com\/ro\/product\/%d1%86%d0%b2%d0%b5%d1%82%d0%bd%d0%b0-%d0%b8%d0%b7%d0%bd%d0%b5%d0%bd%d0%b0%d0%b4%d0%b0-7-2\/#breadcrumb"},"inLanguage":"ro-RO","potentialAction":[{"@type":"ReadAction","target":[["https:\/\/myflowerstands.com\/ro\/product\/%d1%86%d0%b2%d0%b5%d1%82%d0%bd%d0%b0-%d0%b8%d0%b7%d0%bd%d0%b5%d0%bd%d0%b0%d0%b4%d0%b0-7-2\/"]]}]},{"@type":"ImageObject","inLanguage":"ro-RO","@id":"https:\/\/myflowerstands.com\/ro\/product\/%d1%86%d0%b2%d0%b5%d1%82%d0%bd%d0%b0-%d0%b8%d0%b7%d0%bd%d0%b5%d0%bd%d0%b0%d0%b4%d0%b0-7-2\/#primaryimage","url":"https:\/\/myflowerstands.com\/wp-content\/uploads\/2022\/04\/\u0426\u0432\u0435\u0442\u043d\u0430-\u0438\u0437\u043d\u0435\u043d\u0430\u0434\u0430-7-1.jpg","contentUrl":"https:\/\/myflowerstands.com\/wp-content\/uploads\/2022\/04\/\u0426\u0432\u0435\u0442\u043d\u0430-\u0438\u0437\u043d\u0435\u043d\u0430\u0434\u0430-7-1.jpg","width":1448,"height":2172,"caption":"\u041c\u043e\u0434\u0435\u043b : \u0426\u0432\u0435\u0442\u043d\u0430 \u0438\u0437\u043d\u0435\u043d\u0430\u0434\u0430 7"},{"@type":"BreadcrumbList","@id":"https:\/\/myflowerstands.com\/ro\/product\/%d1%86%d0%b2%d0%b5%d1%82%d0%bd%d0%b0-%d0%b8%d0%b7%d0%bd%d0%b5%d0%bd%d0%b0%d0%b4%d0%b0-7-2\/#breadcrumb","itemListElement":[{"@type":"ListItem","position":1,"name":"\u041d\u0430\u0447\u0430\u043b\u043e","item":"https:\/\/myflowerstands.com\/ro\/"},{"@type":"ListItem","position":2,"name":"Shop","item":"https:\/\/myflowerstands.com\/ro\/shop\/"},{"@type":"ListItem","position":3,"name":"\u0426\u0432\u0435\u0442\u043d\u0430 \u0438\u0437\u043d\u0435\u043d\u0430\u0434\u0430 7"}]},{"@type":"WebSite","@id":"https:\/\/myflowerstands.com\/ro\/#website","url":"https:\/\/myflowerstands.com\/ro\/","name":"MyFlowerStands","description":"","potentialAction":[{"@type":"SearchAction","target":{"@type":"EntryPoint","urlTemplate":"https:\/\/myflowerstands.com\/ro\/?s={search_term_string}"},"query-input":{"@type":"PropertyValueSpecification","valueRequired":true,"valueName":"search_term_string"}}],"inLanguage":"ro-RO"}]}},"_links":{"self":[{"href":"https:\/\/myflowerstands.com\/ro\/wp-json\/wp\/v2\/product\/136","targetHints":{"allow":["GET"]}}],"collection":[{"href":"https:\/\/myflowerstands.com\/ro\/wp-json\/wp\/v2\/product"}],"about":[{"href":"https:\/\/myflowerstands.com\/ro\/wp-json\/wp\/v2\/types\/product"}],"replies":[{"embeddable":true,"href":"https:\/\/myflowerstands.com\/ro\/wp-json\/wp\/v2\/comments?post=136"}],"wp:featuredmedia":[{"embeddable":true,"href":"https:\/\/myflowerstands.com\/ro\/wp-json\/wp\/v2\/media\/178"}],"wp:attachment":[{"href":"https:\/\/myflowerstands.com\/ro\/wp-json\/wp\/v2\/media?parent=136"}],"wp:term":[{"taxonomy":"product_brand","embeddable":true,"href":"https:\/\/myflowerstands.com\/ro\/wp-json\/wp\/v2\/product_brand?post=136"},{"taxonomy":"product_cat","embeddable":true,"href":"https:\/\/myflowerstands.com\/ro\/wp-json\/wp\/v2\/product_cat?post=136"},{"taxonomy":"product_tag","embeddable":true,"href":"https:\/\/myflowerstands.com\/ro\/wp-json\/wp\/v2\/product_tag?post=136"}],"curies":[{"name":"wp","href":"https:\/\/api.w.org\/{rel}","templated":true}]}}