{"id":115,"date":"2022-04-29T16:25:34","date_gmt":"2022-04-29T16:25:34","guid":{"rendered":"https:\/\/myflowerstands.com\/?post_type=product&#038;p=115"},"modified":"2026-01-12T21:22:13","modified_gmt":"2026-01-12T21:22:13","slug":"color-surprise-13","status":"publish","type":"product","link":"https:\/\/myflowerstands.com\/de\/product\/farbuberraschung-13\/","title":{"rendered":"Farb\u00fcberraschung 13"},"content":{"rendered":"<p>Das Modell ist aus Metallprofilrohr 2\/2 cm, pulverbeschichtet in der Farbe \u201ewhite pearl\u201c \/ oder \u201eblack gloss\u201c \/, Spanplattenb\u00f6den Gr\u00f6\u00dfe 40\/20 cm, H\u00f6he 125 cm, Breite 65 cm, Tiefe 40 cm. H\u00f6he zwischen den einzelnen Ablagen 38 cm Es gibt 7 Ablagen und im Sockel k\u00f6nnen weitere T\u00f6pfe platziert werden. Maximale Belastung auf einem Regal &#8211; 8 kg. Fahrbar, mit R\u00e4dern. Ausr\u00fcstung: Befestigungselemente, Montagediagramm.<\/p>\n<p>Ist das Modell zum Zeitpunkt der Anfrage nicht verf\u00fcgbar, betr\u00e4gt die Produktionszeit bis zu 7 Werktage. Lieferungen erfolgen per Kurier, per Nachnahme.<\/p>","protected":false},"excerpt":{"rendered":"<p>Das Modell ist aus Metallprofilrohr 2\/2 cm, pulverbeschichtet in der Farbe \u201ewhite pearl\u201c \/ oder \u201eblack gloss\u201c \/, Spanplattenb\u00f6den Gr\u00f6\u00dfe 40\/20 cm, H\u00f6he 125 cm, Breite 65 cm, Tiefe 40 cm. H\u00f6he zwischen den einzelnen Ablagen 38 cm Es gibt 7 Ablagen und im Sockel k\u00f6nnen weitere T\u00f6pfe platziert werden. Maximale Belastung auf einem Regal&#8230; <a class=\"more-link\" href=\"https:\/\/myflowerstands.com\/de\/product\/farbuberraschung-13\/\" title=\"ReadFarb\u00fcberraschung 13\">Read more<\/a><\/p>\n","protected":false},"featured_media":166,"comment_status":"open","ping_status":"closed","template":"","meta":{"_acf_changed":false},"product_brand":[],"product_cat":[45],"product_tag":[],"class_list":{"0":"post-115","1":"product","2":"type-product","3":"status-publish","4":"has-post-thumbnail","6":"product_cat-products","8":"first","9":"instock","10":"shipping-taxable","11":"purchasable","12":"product-type-variable"},"acf":[],"yoast_head":"<!-- This site is optimized with the Yoast SEO plugin v26.7 - https:\/\/yoast.com\/wordpress\/plugins\/seo\/ -->\n<title>\u041c\u043e\u0434\u0435\u0440\u043d\u0438 \u0446\u0432\u0435\u0442\u0430\u0440\u043d\u0438\u0446\u0438 \u0437\u0430 \u0432\u0441\u0435\u043a\u0438 \u0434\u043e\u043c- \u0420\u0430\u0437\u0443\u043c\u043d\u0430 \u0446\u0435\u043d\u0430- \u043a\u0430\u0447\u0435\u0441\u0442\u0432\u043e<\/title>\n<meta name=\"description\" content=\"\u041c\u043e\u0434\u0435\u0440\u043d\u0438 \u0438 \u043a\u0430\u0447\u0435\u0441\u0442\u0432\u0435\u043d\u0438 \u0446\u0432\u0435\u0442\u0430\u0440\u043d\u0438\u0446\u0438 \u0437\u0430 \u0432\u0441\u0435\u043a\u0438 \u0434\u043e\u043c \u0438 \u043e\u0444\u0438\u0441- \u041a\u043e\u043d\u043a\u0443\u0440\u0435\u043d\u0442\u043d\u0438 \u0446\u0435\u043d\u0438- \u0411\u044a\u0440\u0437\u0430 \u0434\u043e\u0441\u0442\u0430\u0432\u043a\u0430 \u0434\u043e \u0430\u0434\u0440\u0435\u0441 \u0438 \u043e\u0444\u0438\u0441 - \u0417\u0430 \u0446\u0435\u043d\u0438\u0442\u0435\u043b\u0438 - \u0430\u0440\u0442 - \u043c\u0435\u0431\u0435\u043b\u0438 - \u043e\u0440\u0438\u0433\u0438\u043d\u0430\u043b\u0435\u043d \u043f\u043e\u0434\u0430\u0440\u044a\u043a\" \/>\n<meta name=\"robots\" content=\"index, follow, max-snippet:-1, max-image-preview:large, max-video-preview:-1\" \/>\n<link rel=\"canonical\" href=\"https:\/\/myflowerstands.com\/de\/product\/\u0446\u0432\u0435\u0442\u043d\u0430-\u0438\u0437\u043d\u0435\u043d\u0430\u0434\u0430-13\/\" \/>\n<meta property=\"og:locale\" content=\"de_DE\" \/>\n<meta property=\"og:type\" content=\"article\" \/>\n<meta property=\"og:title\" content=\"\u041c\u043e\u0434\u0435\u0440\u043d\u0438 \u0446\u0432\u0435\u0442\u0430\u0440\u043d\u0438\u0446\u0438 \u0437\u0430 \u0432\u0441\u0435\u043a\u0438 \u0434\u043e\u043c- \u0420\u0430\u0437\u0443\u043c\u043d\u0430 \u0446\u0435\u043d\u0430- \u043a\u0430\u0447\u0435\u0441\u0442\u0432\u043e\" \/>\n<meta property=\"og:description\" content=\"\u041c\u043e\u0434\u0435\u0440\u043d\u0438 \u0438 \u043a\u0430\u0447\u0435\u0441\u0442\u0432\u0435\u043d\u0438 \u0446\u0432\u0435\u0442\u0430\u0440\u043d\u0438\u0446\u0438 \u0437\u0430 \u0432\u0441\u0435\u043a\u0438 \u0434\u043e\u043c \u0438 \u043e\u0444\u0438\u0441- \u041a\u043e\u043d\u043a\u0443\u0440\u0435\u043d\u0442\u043d\u0438 \u0446\u0435\u043d\u0438- \u0411\u044a\u0440\u0437\u0430 \u0434\u043e\u0441\u0442\u0430\u0432\u043a\u0430 \u0434\u043e \u0430\u0434\u0440\u0435\u0441 \u0438 \u043e\u0444\u0438\u0441 - \u0417\u0430 \u0446\u0435\u043d\u0438\u0442\u0435\u043b\u0438 - \u0430\u0440\u0442 - \u043c\u0435\u0431\u0435\u043b\u0438 - \u043e\u0440\u0438\u0433\u0438\u043d\u0430\u043b\u0435\u043d \u043f\u043e\u0434\u0430\u0440\u044a\u043a\" \/>\n<meta property=\"og:url\" content=\"https:\/\/myflowerstands.com\/de\/product\/\u0446\u0432\u0435\u0442\u043d\u0430-\u0438\u0437\u043d\u0435\u043d\u0430\u0434\u0430-13\/\" \/>\n<meta property=\"og:site_name\" content=\"MyFlowerStands\" \/>\n<meta property=\"article:modified_time\" content=\"2026-01-12T21:22:13+00:00\" \/>\n<meta property=\"og:image\" content=\"https:\/\/myflowerstands.com\/wp-content\/uploads\/2022\/04\/\u0426\u0432\u0435\u0442\u043d\u0430-\u0418\u0437\u043d\u0435\u043d\u0430\u0434\u0430-13-1.jpg\" \/>\n\t<meta property=\"og:image:width\" content=\"1448\" \/>\n\t<meta property=\"og:image:height\" content=\"2172\" \/>\n\t<meta property=\"og:image:type\" content=\"image\/jpeg\" \/>\n<meta name=\"twitter:card\" content=\"summary_large_image\" \/>\n<meta name=\"twitter:label1\" content=\"Gesch\u00e4tzte Lesezeit\" \/>\n\t<meta name=\"twitter:data1\" content=\"2\u00a0Minuten\" \/>\n<script type=\"application\/ld+json\" class=\"yoast-schema-graph\">{\"@context\":\"https:\/\/schema.org\",\"@graph\":[{\"@type\":\"WebPage\",\"@id\":\"https:\/\/myflowerstands.com\/de\/product\/%d1%86%d0%b2%d0%b5%d1%82%d0%bd%d0%b0-%d0%b8%d0%b7%d0%bd%d0%b5%d0%bd%d0%b0%d0%b4%d0%b0-13\/\",\"url\":\"https:\/\/myflowerstands.com\/de\/product\/%d1%86%d0%b2%d0%b5%d1%82%d0%bd%d0%b0-%d0%b8%d0%b7%d0%bd%d0%b5%d0%bd%d0%b0%d0%b4%d0%b0-13\/\",\"name\":\"\u041c\u043e\u0434\u0435\u0440\u043d\u0438 \u0446\u0432\u0435\u0442\u0430\u0440\u043d\u0438\u0446\u0438 \u0437\u0430 \u0432\u0441\u0435\u043a\u0438 \u0434\u043e\u043c- \u0420\u0430\u0437\u0443\u043c\u043d\u0430 \u0446\u0435\u043d\u0430- \u043a\u0430\u0447\u0435\u0441\u0442\u0432\u043e\",\"isPartOf\":{\"@id\":\"https:\/\/myflowerstands.com\/de\/#website\"},\"primaryImageOfPage\":{\"@id\":\"https:\/\/myflowerstands.com\/de\/product\/%d1%86%d0%b2%d0%b5%d1%82%d0%bd%d0%b0-%d0%b8%d0%b7%d0%bd%d0%b5%d0%bd%d0%b0%d0%b4%d0%b0-13\/#primaryimage\"},\"image\":{\"@id\":\"https:\/\/myflowerstands.com\/bg\/product\/%d1%86%d0%b2%d0%b5%d1%82%d0%bd%d0%b0-%d0%b8%d0%b7%d0%bd%d0%b5%d0%bd%d0%b0%d0%b4%d0%b0-13\/#primaryimage\"},\"thumbnailUrl\":\"https:\/\/myflowerstands.com\/wp-content\/uploads\/2022\/04\/\u0426\u0432\u0435\u0442\u043d\u0430-\u0418\u0437\u043d\u0435\u043d\u0430\u0434\u0430-13-1.jpg\",\"datePublished\":\"2022-04-29T16:25:34+00:00\",\"dateModified\":\"2026-01-12T21:22:13+00:00\",\"description\":\"\u041c\u043e\u0434\u0435\u0440\u043d\u0438 \u0438 \u043a\u0430\u0447\u0435\u0441\u0442\u0432\u0435\u043d\u0438 \u0446\u0432\u0435\u0442\u0430\u0440\u043d\u0438\u0446\u0438 \u0437\u0430 \u0432\u0441\u0435\u043a\u0438 \u0434\u043e\u043c \u0438 \u043e\u0444\u0438\u0441- \u041a\u043e\u043d\u043a\u0443\u0440\u0435\u043d\u0442\u043d\u0438 \u0446\u0435\u043d\u0438- \u0411\u044a\u0440\u0437\u0430 \u0434\u043e\u0441\u0442\u0430\u0432\u043a\u0430 \u0434\u043e \u0430\u0434\u0440\u0435\u0441 \u0438 \u043e\u0444\u0438\u0441 - \u0417\u0430 \u0446\u0435\u043d\u0438\u0442\u0435\u043b\u0438 - \u0430\u0440\u0442 - \u043c\u0435\u0431\u0435\u043b\u0438 - \u043e\u0440\u0438\u0433\u0438\u043d\u0430\u043b\u0435\u043d \u043f\u043e\u0434\u0430\u0440\u044a\u043a\",\"breadcrumb\":{\"@id\":\"https:\/\/myflowerstands.com\/de\/product\/%d1%86%d0%b2%d0%b5%d1%82%d0%bd%d0%b0-%d0%b8%d0%b7%d0%bd%d0%b5%d0%bd%d0%b0%d0%b4%d0%b0-13\/#breadcrumb\"},\"inLanguage\":\"de\",\"potentialAction\":[{\"@type\":\"ReadAction\",\"target\":[[\"https:\/\/myflowerstands.com\/de\/product\/%d1%86%d0%b2%d0%b5%d1%82%d0%bd%d0%b0-%d0%b8%d0%b7%d0%bd%d0%b5%d0%bd%d0%b0%d0%b4%d0%b0-13\/\"]]}]},{\"@type\":\"ImageObject\",\"inLanguage\":\"de\",\"@id\":\"https:\/\/myflowerstands.com\/de\/product\/%d1%86%d0%b2%d0%b5%d1%82%d0%bd%d0%b0-%d0%b8%d0%b7%d0%bd%d0%b5%d0%bd%d0%b0%d0%b4%d0%b0-13\/#primaryimage\",\"url\":\"https:\/\/myflowerstands.com\/wp-content\/uploads\/2022\/04\/\u0426\u0432\u0435\u0442\u043d\u0430-\u0418\u0437\u043d\u0435\u043d\u0430\u0434\u0430-13-1.jpg\",\"contentUrl\":\"https:\/\/myflowerstands.com\/wp-content\/uploads\/2022\/04\/\u0426\u0432\u0435\u0442\u043d\u0430-\u0418\u0437\u043d\u0435\u043d\u0430\u0434\u0430-13-1.jpg\",\"width\":1448,\"height\":2172,\"caption\":\"\u041c\u043e\u0434\u0435\u043b : \u0426\u0432\u0435\u0442\u043d\u0430 \u0438\u0437\u043d\u0435\u043d\u0430\u0434\u0430 13\"},{\"@type\":\"BreadcrumbList\",\"@id\":\"https:\/\/myflowerstands.com\/de\/product\/%d1%86%d0%b2%d0%b5%d1%82%d0%bd%d0%b0-%d0%b8%d0%b7%d0%bd%d0%b5%d0%bd%d0%b0%d0%b4%d0%b0-13\/#breadcrumb\",\"itemListElement\":[{\"@type\":\"ListItem\",\"position\":1,\"name\":\"\u041d\u0430\u0447\u0430\u043b\u043e\",\"item\":\"https:\/\/myflowerstands.com\/de\/\"},{\"@type\":\"ListItem\",\"position\":2,\"name\":\"Shop\",\"item\":\"https:\/\/myflowerstands.com\/de\/shop\/\"},{\"@type\":\"ListItem\",\"position\":3,\"name\":\"\u0426\u0432\u0435\u0442\u043d\u0430 \u0438\u0437\u043d\u0435\u043d\u0430\u0434\u0430 13\"}]},{\"@type\":\"WebSite\",\"@id\":\"https:\/\/myflowerstands.com\/de\/#website\",\"url\":\"https:\/\/myflowerstands.com\/de\/\",\"name\":\"MyFlowerStands\",\"description\":\"\",\"potentialAction\":[{\"@type\":\"SearchAction\",\"target\":{\"@type\":\"EntryPoint\",\"urlTemplate\":\"https:\/\/myflowerstands.com\/de\/?s={search_term_string}\"},\"query-input\":{\"@type\":\"PropertyValueSpecification\",\"valueRequired\":true,\"valueName\":\"search_term_string\"}}],\"inLanguage\":\"de\"}]}<\/script>\n<!-- \/ Yoast SEO plugin. -->","yoast_head_json":{"title":"\u041c\u043e\u0434\u0435\u0440\u043d\u0438 \u0446\u0432\u0435\u0442\u0430\u0440\u043d\u0438\u0446\u0438 \u0437\u0430 \u0432\u0441\u0435\u043a\u0438 \u0434\u043e\u043c- \u0420\u0430\u0437\u0443\u043c\u043d\u0430 \u0446\u0435\u043d\u0430- \u043a\u0430\u0447\u0435\u0441\u0442\u0432\u043e","description":"\u041c\u043e\u0434\u0435\u0440\u043d\u0438 \u0438 \u043a\u0430\u0447\u0435\u0441\u0442\u0432\u0435\u043d\u0438 \u0446\u0432\u0435\u0442\u0430\u0440\u043d\u0438\u0446\u0438 \u0437\u0430 \u0432\u0441\u0435\u043a\u0438 \u0434\u043e\u043c \u0438 \u043e\u0444\u0438\u0441- \u041a\u043e\u043d\u043a\u0443\u0440\u0435\u043d\u0442\u043d\u0438 \u0446\u0435\u043d\u0438- \u0411\u044a\u0440\u0437\u0430 \u0434\u043e\u0441\u0442\u0430\u0432\u043a\u0430 \u0434\u043e \u0430\u0434\u0440\u0435\u0441 \u0438 \u043e\u0444\u0438\u0441 - \u0417\u0430 \u0446\u0435\u043d\u0438\u0442\u0435\u043b\u0438 - \u0430\u0440\u0442 - \u043c\u0435\u0431\u0435\u043b\u0438 - \u043e\u0440\u0438\u0433\u0438\u043d\u0430\u043b\u0435\u043d \u043f\u043e\u0434\u0430\u0440\u044a\u043a","robots":{"index":"index","follow":"follow","max-snippet":"max-snippet:-1","max-image-preview":"max-image-preview:large","max-video-preview":"max-video-preview:-1"},"canonical":"https:\/\/myflowerstands.com\/de\/product\/\u0446\u0432\u0435\u0442\u043d\u0430-\u0438\u0437\u043d\u0435\u043d\u0430\u0434\u0430-13\/","og_locale":"de_DE","og_type":"article","og_title":"\u041c\u043e\u0434\u0435\u0440\u043d\u0438 \u0446\u0432\u0435\u0442\u0430\u0440\u043d\u0438\u0446\u0438 \u0437\u0430 \u0432\u0441\u0435\u043a\u0438 \u0434\u043e\u043c- \u0420\u0430\u0437\u0443\u043c\u043d\u0430 \u0446\u0435\u043d\u0430- \u043a\u0430\u0447\u0435\u0441\u0442\u0432\u043e","og_description":"\u041c\u043e\u0434\u0435\u0440\u043d\u0438 \u0438 \u043a\u0430\u0447\u0435\u0441\u0442\u0432\u0435\u043d\u0438 \u0446\u0432\u0435\u0442\u0430\u0440\u043d\u0438\u0446\u0438 \u0437\u0430 \u0432\u0441\u0435\u043a\u0438 \u0434\u043e\u043c \u0438 \u043e\u0444\u0438\u0441- \u041a\u043e\u043d\u043a\u0443\u0440\u0435\u043d\u0442\u043d\u0438 \u0446\u0435\u043d\u0438- \u0411\u044a\u0440\u0437\u0430 \u0434\u043e\u0441\u0442\u0430\u0432\u043a\u0430 \u0434\u043e \u0430\u0434\u0440\u0435\u0441 \u0438 \u043e\u0444\u0438\u0441 - \u0417\u0430 \u0446\u0435\u043d\u0438\u0442\u0435\u043b\u0438 - \u0430\u0440\u0442 - \u043c\u0435\u0431\u0435\u043b\u0438 - \u043e\u0440\u0438\u0433\u0438\u043d\u0430\u043b\u0435\u043d \u043f\u043e\u0434\u0430\u0440\u044a\u043a","og_url":"https:\/\/myflowerstands.com\/de\/product\/\u0446\u0432\u0435\u0442\u043d\u0430-\u0438\u0437\u043d\u0435\u043d\u0430\u0434\u0430-13\/","og_site_name":"MyFlowerStands","article_modified_time":"2026-01-12T21:22:13+00:00","og_image":[{"width":1448,"height":2172,"url":"https:\/\/myflowerstands.com\/wp-content\/uploads\/2022\/04\/\u0426\u0432\u0435\u0442\u043d\u0430-\u0418\u0437\u043d\u0435\u043d\u0430\u0434\u0430-13-1.jpg","type":"image\/jpeg"}],"twitter_card":"summary_large_image","twitter_misc":{"Gesch\u00e4tzte Lesezeit":"2\u00a0Minuten"},"schema":{"@context":"https:\/\/schema.org","@graph":[{"@type":"WebPage","@id":"https:\/\/myflowerstands.com\/de\/product\/%d1%86%d0%b2%d0%b5%d1%82%d0%bd%d0%b0-%d0%b8%d0%b7%d0%bd%d0%b5%d0%bd%d0%b0%d0%b4%d0%b0-13\/","url":"https:\/\/myflowerstands.com\/de\/product\/%d1%86%d0%b2%d0%b5%d1%82%d0%bd%d0%b0-%d0%b8%d0%b7%d0%bd%d0%b5%d0%bd%d0%b0%d0%b4%d0%b0-13\/","name":"\u041c\u043e\u0434\u0435\u0440\u043d\u0438 \u0446\u0432\u0435\u0442\u0430\u0440\u043d\u0438\u0446\u0438 \u0437\u0430 \u0432\u0441\u0435\u043a\u0438 \u0434\u043e\u043c- \u0420\u0430\u0437\u0443\u043c\u043d\u0430 \u0446\u0435\u043d\u0430- \u043a\u0430\u0447\u0435\u0441\u0442\u0432\u043e","isPartOf":{"@id":"https:\/\/myflowerstands.com\/de\/#website"},"primaryImageOfPage":{"@id":"https:\/\/myflowerstands.com\/de\/product\/%d1%86%d0%b2%d0%b5%d1%82%d0%bd%d0%b0-%d0%b8%d0%b7%d0%bd%d0%b5%d0%bd%d0%b0%d0%b4%d0%b0-13\/#primaryimage"},"image":{"@id":"https:\/\/myflowerstands.com\/bg\/product\/%d1%86%d0%b2%d0%b5%d1%82%d0%bd%d0%b0-%d0%b8%d0%b7%d0%bd%d0%b5%d0%bd%d0%b0%d0%b4%d0%b0-13\/#primaryimage"},"thumbnailUrl":"https:\/\/myflowerstands.com\/wp-content\/uploads\/2022\/04\/\u0426\u0432\u0435\u0442\u043d\u0430-\u0418\u0437\u043d\u0435\u043d\u0430\u0434\u0430-13-1.jpg","datePublished":"2022-04-29T16:25:34+00:00","dateModified":"2026-01-12T21:22:13+00:00","description":"\u041c\u043e\u0434\u0435\u0440\u043d\u0438 \u0438 \u043a\u0430\u0447\u0435\u0441\u0442\u0432\u0435\u043d\u0438 \u0446\u0432\u0435\u0442\u0430\u0440\u043d\u0438\u0446\u0438 \u0437\u0430 \u0432\u0441\u0435\u043a\u0438 \u0434\u043e\u043c \u0438 \u043e\u0444\u0438\u0441- \u041a\u043e\u043d\u043a\u0443\u0440\u0435\u043d\u0442\u043d\u0438 \u0446\u0435\u043d\u0438- \u0411\u044a\u0440\u0437\u0430 \u0434\u043e\u0441\u0442\u0430\u0432\u043a\u0430 \u0434\u043e \u0430\u0434\u0440\u0435\u0441 \u0438 \u043e\u0444\u0438\u0441 - \u0417\u0430 \u0446\u0435\u043d\u0438\u0442\u0435\u043b\u0438 - \u0430\u0440\u0442 - \u043c\u0435\u0431\u0435\u043b\u0438 - \u043e\u0440\u0438\u0433\u0438\u043d\u0430\u043b\u0435\u043d \u043f\u043e\u0434\u0430\u0440\u044a\u043a","breadcrumb":{"@id":"https:\/\/myflowerstands.com\/de\/product\/%d1%86%d0%b2%d0%b5%d1%82%d0%bd%d0%b0-%d0%b8%d0%b7%d0%bd%d0%b5%d0%bd%d0%b0%d0%b4%d0%b0-13\/#breadcrumb"},"inLanguage":"de","potentialAction":[{"@type":"ReadAction","target":[["https:\/\/myflowerstands.com\/de\/product\/%d1%86%d0%b2%d0%b5%d1%82%d0%bd%d0%b0-%d0%b8%d0%b7%d0%bd%d0%b5%d0%bd%d0%b0%d0%b4%d0%b0-13\/"]]}]},{"@type":"ImageObject","inLanguage":"de","@id":"https:\/\/myflowerstands.com\/de\/product\/%d1%86%d0%b2%d0%b5%d1%82%d0%bd%d0%b0-%d0%b8%d0%b7%d0%bd%d0%b5%d0%bd%d0%b0%d0%b4%d0%b0-13\/#primaryimage","url":"https:\/\/myflowerstands.com\/wp-content\/uploads\/2022\/04\/\u0426\u0432\u0435\u0442\u043d\u0430-\u0418\u0437\u043d\u0435\u043d\u0430\u0434\u0430-13-1.jpg","contentUrl":"https:\/\/myflowerstands.com\/wp-content\/uploads\/2022\/04\/\u0426\u0432\u0435\u0442\u043d\u0430-\u0418\u0437\u043d\u0435\u043d\u0430\u0434\u0430-13-1.jpg","width":1448,"height":2172,"caption":"\u041c\u043e\u0434\u0435\u043b : \u0426\u0432\u0435\u0442\u043d\u0430 \u0438\u0437\u043d\u0435\u043d\u0430\u0434\u0430 13"},{"@type":"BreadcrumbList","@id":"https:\/\/myflowerstands.com\/de\/product\/%d1%86%d0%b2%d0%b5%d1%82%d0%bd%d0%b0-%d0%b8%d0%b7%d0%bd%d0%b5%d0%bd%d0%b0%d0%b4%d0%b0-13\/#breadcrumb","itemListElement":[{"@type":"ListItem","position":1,"name":"\u041d\u0430\u0447\u0430\u043b\u043e","item":"https:\/\/myflowerstands.com\/de\/"},{"@type":"ListItem","position":2,"name":"Shop","item":"https:\/\/myflowerstands.com\/de\/shop\/"},{"@type":"ListItem","position":3,"name":"\u0426\u0432\u0435\u0442\u043d\u0430 \u0438\u0437\u043d\u0435\u043d\u0430\u0434\u0430 13"}]},{"@type":"WebSite","@id":"https:\/\/myflowerstands.com\/de\/#website","url":"https:\/\/myflowerstands.com\/de\/","name":"MyFlowerStands","description":"","potentialAction":[{"@type":"SearchAction","target":{"@type":"EntryPoint","urlTemplate":"https:\/\/myflowerstands.com\/de\/?s={search_term_string}"},"query-input":{"@type":"PropertyValueSpecification","valueRequired":true,"valueName":"search_term_string"}}],"inLanguage":"de"}]}},"_links":{"self":[{"href":"https:\/\/myflowerstands.com\/de\/wp-json\/wp\/v2\/product\/115","targetHints":{"allow":["GET"]}}],"collection":[{"href":"https:\/\/myflowerstands.com\/de\/wp-json\/wp\/v2\/product"}],"about":[{"href":"https:\/\/myflowerstands.com\/de\/wp-json\/wp\/v2\/types\/product"}],"replies":[{"embeddable":true,"href":"https:\/\/myflowerstands.com\/de\/wp-json\/wp\/v2\/comments?post=115"}],"wp:featuredmedia":[{"embeddable":true,"href":"https:\/\/myflowerstands.com\/de\/wp-json\/wp\/v2\/media\/166"}],"wp:attachment":[{"href":"https:\/\/myflowerstands.com\/de\/wp-json\/wp\/v2\/media?parent=115"}],"wp:term":[{"taxonomy":"product_brand","embeddable":true,"href":"https:\/\/myflowerstands.com\/de\/wp-json\/wp\/v2\/product_brand?post=115"},{"taxonomy":"product_cat","embeddable":true,"href":"https:\/\/myflowerstands.com\/de\/wp-json\/wp\/v2\/product_cat?post=115"},{"taxonomy":"product_tag","embeddable":true,"href":"https:\/\/myflowerstands.com\/de\/wp-json\/wp\/v2\/product_tag?post=115"}],"curies":[{"name":"wp","href":"https:\/\/api.w.org\/{rel}","templated":true}]}}